{"id":2747,"date":"2022-01-31T00:32:39","date_gmt":"2022-01-31T00:32:39","guid":{"rendered":"https:\/\/hulkmuscles.com\/?post_type=product&#038;p=2747"},"modified":"2024-07-31T17:00:06","modified_gmt":"2024-07-31T17:00:06","slug":"skull-labs-100-whey-isolate-2-kg","status":"publish","type":"product","link":"https:\/\/www.hulkmuscles.com\/ar\/product\/skull-labs-100-whey-isolate-2-kg\/","title":{"rendered":"SKULL LABS\u00ae 100% Whey Isolate 2 kg"},"content":{"rendered":"<p>The purest formula containing whey protein isolate powder for the preparation of a high-protein drink.<\/p>\n<p>&nbsp;<\/p>\n<section id=\"idTab1\" class=\"page-product-box\">\n<div class=\"rte\">\n<p>The purest formula containing whey protein isolate powder for the preparation of a high-protein drink. Designed for intensive athletes who strive to grow and maintain muscle mass. In addition, it supports the body in maintaining strong and healthy bones.<\/p>\n<\/div>\n<\/section>\n<section class=\"page-product-box\"><\/section>\n<p>&nbsp;<\/p>\n<div class=\"product-copyright\">Product descriptions and all photos on this site, including product images, are the exclusive property of FITNESS AUTHORITY Sp. z o. o., are protected by copyright in accordance with the provisions of the Copyright and Related Rights Act of 4 February 1994, and their copying and distribution is forbidden.<\/div>\n<div>\n<section id=\"idTab11\" class=\"page-product-box\">\n<div class=\"rte\">Serving size \/ Porcja \/ Portion: ~ 1 Scoop \/ Miarka \/ Messl\u00f6ffel: 30 g<br \/>\nServings per container \/ Ilo\u015b\u0107 porcji w opakowaniu \/ Anzahl der Portionen in der Verpackung: 66<\/p>\n<table>\n<thead>\n<tr>\n<th>Nutrition declaration \/ Warto\u015b\u0107 od\u017cywcza \/ N\u00e4hrwertdeklaration<\/th>\n<th>100 g<\/th>\n<th>30 g<\/th>\n<\/tr>\n<\/thead>\n<tbody>\n<tr>\n<td>Energy \/ Warto\u015b\u0107 energetyczna \/ Energie<\/td>\n<td>1472 kJ \/ 346 kcal<\/td>\n<td>438 kJ \/ 103 kcal<\/td>\n<\/tr>\n<tr>\n<td>Fat \/ T\u0142uszcz \/ Fett<\/td>\n<td>0,5 g<\/td>\n<td>~0 g<\/td>\n<\/tr>\n<tr>\n<td>of which saturates \/ w tym kwasy t\u0142uszczowe nasycone \/ davon ges\u00e4ttigte Fetts\u00e4uren<\/td>\n<td>0,3 g<\/td>\n<td>~0 g<\/td>\n<\/tr>\n<tr>\n<td>Carbohydrate \/ W\u0119glowodany \/ Kohlenhydrate<\/td>\n<td>2,5 g<\/td>\n<td>0,75 g<\/td>\n<\/tr>\n<tr>\n<td>of which sugars \/ w tym cukry \/ davon Zucker<\/td>\n<td>0,5 g<\/td>\n<td>~0 g<\/td>\n<\/tr>\n<tr>\n<td>Protein \/ Bia\u0142ko \/ Eiwei\u00df<\/td>\n<td>83 g<\/td>\n<td>25 g<\/td>\n<\/tr>\n<tr>\n<td>Salt \/ S\u00f3l \/ Salz<\/td>\n<td>0,50 g<\/td>\n<td>0,15 g<\/td>\n<\/tr>\n<\/tbody>\n<\/table>\n<\/div>\n<\/section>\n<section class=\"page-product-box\"><\/section>\n<div class=\"product-copyright\">Product descriptions and all photos on this site, including product images, are the exclusive property of FITNESS AUTHORITY Sp. z o. o., are protected by copyright in accordance with the provisions of the Copyright and Related Rights Act of 4 February 1994, and their copying and distribution is forbidden.<\/div>\n<\/div>","protected":false},"excerpt":{"rendered":"<p>The purest formula containing whey protein isolate powder for the preparation of a high-protein drink. &nbsp; The purest formula containing whey protein isolate powder for the preparation of a high-protein drink. Designed for intensive athletes who strive to grow and maintain muscle mass. In addition, it supports the body in maintaining strong and healthy bones. [&#8230;]","protected":false},"featured_media":2748,"comment_status":"open","ping_status":"closed","template":"","meta":{"_monsterinsights_skip_tracking":false,"_monsterinsights_sitenote_active":false,"_monsterinsights_sitenote_note":"","_monsterinsights_sitenote_category":0},"product_brand":[],"product_cat":[17,89],"product_tag":[],"class_list":{"0":"post-2747","1":"product","2":"type-product","3":"status-publish","4":"has-post-thumbnail","6":"product_cat-protein","7":"product_cat-skull-labs","9":"first","10":"outofstock","11":"product-type-variable"},"aioseo_notices":[],"_links":{"self":[{"href":"https:\/\/www.hulkmuscles.com\/ar\/wp-json\/wp\/v2\/product\/2747","targetHints":{"allow":["GET"]}}],"collection":[{"href":"https:\/\/www.hulkmuscles.com\/ar\/wp-json\/wp\/v2\/product"}],"about":[{"href":"https:\/\/www.hulkmuscles.com\/ar\/wp-json\/wp\/v2\/types\/product"}],"replies":[{"embeddable":true,"href":"https:\/\/www.hulkmuscles.com\/ar\/wp-json\/wp\/v2\/comments?post=2747"}],"wp:featuredmedia":[{"embeddable":true,"href":"https:\/\/www.hulkmuscles.com\/ar\/wp-json\/wp\/v2\/media\/2748"}],"wp:attachment":[{"href":"https:\/\/www.hulkmuscles.com\/ar\/wp-json\/wp\/v2\/media?parent=2747"}],"wp:term":[{"taxonomy":"product_brand","embeddable":true,"href":"https:\/\/www.hulkmuscles.com\/ar\/wp-json\/wp\/v2\/product_brand?post=2747"},{"taxonomy":"product_cat","embeddable":true,"href":"https:\/\/www.hulkmuscles.com\/ar\/wp-json\/wp\/v2\/product_cat?post=2747"},{"taxonomy":"product_tag","embeddable":true,"href":"https:\/\/www.hulkmuscles.com\/ar\/wp-json\/wp\/v2\/product_tag?post=2747"}],"curies":[{"name":"wp","href":"https:\/\/api.w.org\/{rel}","templated":true}]}}